{"id":1519,"date":"2025-11-26T13:23:59","date_gmt":"2025-11-26T13:23:59","guid":{"rendered":"https:\/\/euro-seeds.be\/?page_id=1519"},"modified":"2025-11-26T16:11:22","modified_gmt":"2025-11-26T16:11:22","slug":"politique-de-confidentialite","status":"publish","type":"page","link":"https:\/\/euro-seeds.be\/index.php\/politique-de-confidentialite\/","title":{"rendered":"Politique de confidentialit\u00e9"},"content":{"rendered":"\t\t<div data-elementor-type=\"wp-page\" data-elementor-id=\"1519\" class=\"elementor elementor-1519\" data-elementor-post-type=\"page\">\n\t\t\t\t<div class=\"elementor-element elementor-element-4e15011a e-flex e-con-boxed e-con e-parent\" data-id=\"4e15011a\" data-element_type=\"container\" data-e-type=\"container\">\n\t\t\t\t\t<div class=\"e-con-inner\">\n\t\t\t\t<div class=\"elementor-element elementor-element-126b1b5 elementor-widget elementor-widget-spacer\" data-id=\"126b1b5\" data-element_type=\"widget\" data-e-type=\"widget\" data-widget_type=\"spacer.default\">\n\t\t\t\t\t\t\t<div class=\"elementor-spacer\">\n\t\t\t<div class=\"elementor-spacer-inner\"><\/div>\n\t\t<\/div>\n\t\t\t\t\t\t<\/div>\n\t\t\t\t<div class=\"elementor-element elementor-element-7ef00f66 elementor-widget elementor-widget-text-editor\" data-id=\"7ef00f66\" data-element_type=\"widget\" data-e-type=\"widget\" data-widget_type=\"text-editor.default\">\n\t\t\t\t\t\t\t\t\t\n<div>\n<p style=\"font-weight: 400;\">Derni\u00e8re mise \u00e0 jour : 18-09-25<\/p>\n<p style=\"font-weight: 400;\">\u00a0<\/p>\n<p style=\"font-weight: 400;\"><strong>Introduction<\/strong><\/p>\n<p style=\"font-weight: 400;\"><strong>\u00a0<\/strong><\/p>\n<p style=\"font-weight: 400;\">La pr\u00e9sente politique de confidentialit\u00e9 d\u00e9crit comment <strong>Euro-Seeds<\/strong> collecte, utilise, conserve et prot\u00e8ge les donn\u00e9es personnelles des utilisateurs de son site internet <strong>www.euro-seeds.be<\/strong>. En utilisant notre site, vous acceptez les pratiques d\u00e9crites dans cette politique.<\/p>\n<p style=\"font-weight: 400;\">\u00a0<\/p>\n<p style=\"font-weight: 400;\"><strong>Donn\u00e9es collect\u00e9es<\/strong><\/p>\n<p style=\"font-weight: 400;\"><strong>\u00a0<\/strong><\/p>\n<p style=\"font-weight: 400;\">Nous pouvons collecter les types de donn\u00e9es suivants :<\/p>\n<p style=\"font-weight: 400;\"><strong>Donn\u00e9es d\u2019identification<\/strong> : nom, pr\u00e9nom, adresse e-mail, num\u00e9ro de t\u00e9l\u00e9phone.<\/p>\n<p style=\"font-weight: 400;\"><strong>Donn\u00e9es de navigation<\/strong> : adresse IP, type de navigateur, pages consult\u00e9es, dur\u00e9e de visite.<\/p>\n<p style=\"font-weight: 400;\"><strong>Donn\u00e9es de transaction<\/strong> : en cas d\u2019achat ou de paiement via le site.<\/p>\n<p style=\"font-weight: 400;\"><strong>Donn\u00e9es de localisation<\/strong> : si vous avez activ\u00e9 les services de g\u00e9olocalisation.<\/p>\n<p style=\"font-weight: 400;\">\u00a0<\/p>\n<p style=\"font-weight: 400;\"><strong>Finalit\u00e9s du traitement<\/strong><\/p>\n<p style=\"font-weight: 400;\"><strong>\u00a0<\/strong><\/p>\n<p style=\"font-weight: 400;\">Les donn\u00e9es collect\u00e9es sont utilis\u00e9es pour :<\/p>\n<p style=\"font-weight: 400;\">Fournir et am\u00e9liorer nos services.<\/p>\n<p style=\"font-weight: 400;\">R\u00e9pondre \u00e0 vos demandes ou questions.<\/p>\n<p style=\"font-weight: 400;\">G\u00e9rer les commandes et paiements.<\/p>\n<p style=\"font-weight: 400;\">Envoyer des communications marketing (si vous y avez consenti).<\/p>\n<p style=\"font-weight: 400;\">Assurer la s\u00e9curit\u00e9 du site et pr\u00e9venir la fraude.<\/p>\n<p style=\"font-weight: 400;\">\u00a0<\/p>\n<p style=\"font-weight: 400;\"><strong>Base l\u00e9gale du traitement<\/strong><\/p>\n<p style=\"font-weight: 400;\"><strong>\u00a0<\/strong><\/p>\n<p style=\"font-weight: 400;\">Conform\u00e9ment au RGPD, les traitements sont fond\u00e9s sur :<\/p>\n<p style=\"font-weight: 400;\">Votre <strong>consentement<\/strong>.<\/p>\n<p style=\"font-weight: 400;\">L\u2019<strong>ex\u00e9cution d\u2019un contrat<\/strong>.<\/p>\n<p style=\"font-weight: 400;\">Le <strong>respect d\u2019une obligation l\u00e9gale<\/strong>.<\/p>\n<p style=\"font-weight: 400;\">Notre <strong>int\u00e9r\u00eat l\u00e9gitime<\/strong> (ex. : am\u00e9lioration du service).<\/p>\n<p style=\"font-weight: 400;\">\u00a0<\/p>\n<p style=\"font-weight: 400;\"><strong>Partage des donn\u00e9es<\/strong><\/p>\n<p style=\"font-weight: 400;\"><strong>\u00a0<\/strong><\/p>\n<p style=\"font-weight: 400;\">Vos donn\u00e9es peuvent \u00eatre partag\u00e9es avec :<\/p>\n<p style=\"font-weight: 400;\">Des prestataires techniques (h\u00e9bergement, maintenance).<\/p>\n<p style=\"font-weight: 400;\">Des partenaires commerciaux (si vous y avez consenti).<\/p>\n<p style=\"font-weight: 400;\">Les autorit\u00e9s comp\u00e9tentes en cas d\u2019obligation l\u00e9gale.<\/p>\n<p style=\"font-weight: 400;\">\u00a0<\/p>\n<p style=\"font-weight: 400;\"><strong>Dur\u00e9e de conservation<\/strong><\/p>\n<p style=\"font-weight: 400;\"><strong>\u00a0<\/strong><\/p>\n<p style=\"font-weight: 400;\">Les donn\u00e9es sont conserv\u00e9es pendant une dur\u00e9e n\u2019exc\u00e9dant pas celle n\u00e9cessaire aux finalit\u00e9s pour lesquelles elles ont \u00e9t\u00e9 collect\u00e9es, sauf obligation l\u00e9gale contraire.<\/p>\n<p style=\"font-weight: 400;\">\u00a0<\/p>\n<p style=\"font-weight: 400;\"><strong>Vos droits<\/strong><\/p>\n<p style=\"font-weight: 400;\"><strong>\u00a0<\/strong><\/p>\n<p style=\"font-weight: 400;\">Conform\u00e9ment \u00e0 la r\u00e9glementation, vous disposez des droits suivants :<\/p>\n<ul style=\"font-weight: 400;\">\n<li>Droit d\u2019acc\u00e8s, de rectification, d\u2019effacement.<\/li>\n<li>Droit \u00e0 la limitation du traitement.<\/li>\n<li>Droit d\u2019opposition.<\/li>\n<li>Droit \u00e0 la portabilit\u00e9.<\/li>\n<li>Droit de retirer votre consentement \u00e0 tout moment.<\/li>\n<\/ul>\n<p style=\"font-weight: 400;\">Pour exercer vos droits, contactez-nous \u00e0 : <strong><a href=\"mailto:info@euro-seeds.be\">info@euro-seeds.be<\/a><\/strong><\/p>\n<p style=\"font-weight: 400;\">\u00a0<\/p>\n<p style=\"font-weight: 400;\"><strong>S\u00e9curit\u00e9<\/strong><\/p>\n<p style=\"font-weight: 400;\"><strong>\u00a0<\/strong><\/p>\n<p style=\"font-weight: 400;\">Nous mettons en \u0153uvre des mesures techniques et organisationnelles pour prot\u00e9ger vos donn\u00e9es contre tout acc\u00e8s non autoris\u00e9, perte ou divulgation.<\/p>\n<p style=\"font-weight: 400;\">\u00a0<\/p>\n<p style=\"font-weight: 400;\"><strong>Cookies<\/strong><\/p>\n<p style=\"font-weight: 400;\"><strong>\u00a0<\/strong><\/p>\n<p style=\"font-weight: 400;\">Notre site utilise des cookies pour am\u00e9liorer votre exp\u00e9rience. Vous pouvez g\u00e9rer vos pr\u00e9f\u00e9rences via notre bandeau de cookies ou les param\u00e8tres de votre navigateur.<\/p>\n<p style=\"font-weight: 400;\">\u00a0<\/p>\n<p style=\"font-weight: 400;\"><strong>Modifications<\/strong><\/p>\n<p style=\"font-weight: 400;\"><strong>\u00a0<\/strong><\/p>\n<p style=\"font-weight: 400;\">Cette politique peut \u00eatre mise \u00e0 jour. Toute modification sera publi\u00e9e sur cette page avec la date de mise \u00e0 jour.<\/p>\n<p style=\"font-weight: 400;\">\u00a0<\/p>\n<\/div>\t\t\t\t\t\t\t\t<\/div>\n\t\t\t\t\t<\/div>\n\t\t\t\t<\/div>\n\t\t\t\t<\/div>\n\t\t","protected":false},"excerpt":{"rendered":"<p>Derni\u00e8re mise \u00e0 jour : 18-09-25 \u00a0 Introduction \u00a0 La pr\u00e9sente politique de confidentialit\u00e9 d\u00e9crit comment Euro-Seeds collecte, utilise, conserve et prot\u00e8ge les donn\u00e9es personnelles des utilisateurs de son site internet www.euro-seeds.be. En utilisant notre site, vous acceptez les pratiques d\u00e9crites dans cette politique. \u00a0 Donn\u00e9es collect\u00e9es \u00a0 Nous pouvons collecter les types de donn\u00e9es [&hellip;]<\/p>\n","protected":false},"author":1,"featured_media":0,"parent":0,"menu_order":0,"comment_status":"closed","ping_status":"closed","template":"elementor_header_footer","meta":{"footnotes":""},"class_list":["post-1519","page","type-page","status-publish","hentry"],"_links":{"self":[{"href":"https:\/\/euro-seeds.be\/index.php\/wp-json\/wp\/v2\/pages\/1519","targetHints":{"allow":["GET"]}}],"collection":[{"href":"https:\/\/euro-seeds.be\/index.php\/wp-json\/wp\/v2\/pages"}],"about":[{"href":"https:\/\/euro-seeds.be\/index.php\/wp-json\/wp\/v2\/types\/page"}],"author":[{"embeddable":true,"href":"https:\/\/euro-seeds.be\/index.php\/wp-json\/wp\/v2\/users\/1"}],"replies":[{"embeddable":true,"href":"https:\/\/euro-seeds.be\/index.php\/wp-json\/wp\/v2\/comments?post=1519"}],"version-history":[{"count":4,"href":"https:\/\/euro-seeds.be\/index.php\/wp-json\/wp\/v2\/pages\/1519\/revisions"}],"predecessor-version":[{"id":1531,"href":"https:\/\/euro-seeds.be\/index.php\/wp-json\/wp\/v2\/pages\/1519\/revisions\/1531"}],"wp:attachment":[{"href":"https:\/\/euro-seeds.be\/index.php\/wp-json\/wp\/v2\/media?parent=1519"}],"curies":[{"name":"wp","href":"https:\/\/api.w.org\/{rel}","templated":true}]}}