{"id":3,"date":"2025-10-04T16:08:21","date_gmt":"2025-10-04T16:08:21","guid":{"rendered":"https:\/\/euro-seeds.be\/?page_id=3"},"modified":"2025-11-26T13:25:16","modified_gmt":"2025-11-26T13:25:16","slug":"mentions-legales","status":"publish","type":"page","link":"https:\/\/euro-seeds.be\/index.php\/mentions-legales\/","title":{"rendered":"Mentions l\u00e9gales"},"content":{"rendered":"\t\t<div data-elementor-type=\"wp-page\" data-elementor-id=\"3\" class=\"elementor elementor-3\" data-elementor-post-type=\"page\">\n\t\t\t\t<div class=\"elementor-element elementor-element-4e15011a e-flex e-con-boxed e-con e-parent\" data-id=\"4e15011a\" data-element_type=\"container\" data-e-type=\"container\">\n\t\t\t\t\t<div class=\"e-con-inner\">\n\t\t\t\t<div class=\"elementor-element elementor-element-126b1b5 elementor-widget elementor-widget-spacer\" data-id=\"126b1b5\" data-element_type=\"widget\" data-e-type=\"widget\" data-widget_type=\"spacer.default\">\n\t\t\t\t\t\t\t<div class=\"elementor-spacer\">\n\t\t\t<div class=\"elementor-spacer-inner\"><\/div>\n\t\t<\/div>\n\t\t\t\t\t\t<\/div>\n\t\t\t\t<div class=\"elementor-element elementor-element-7ef00f66 elementor-widget elementor-widget-text-editor\" data-id=\"7ef00f66\" data-element_type=\"widget\" data-e-type=\"widget\" data-widget_type=\"text-editor.default\">\n\t\t\t\t\t\t\t\t\t\n<div>\n<p><strong>\u00c9DITEUR<\/strong><\/p>\n<\/div>\n<div>\n<p>Le site \u00ab\u00a0www.euro-seeds.be\u00a0\u00bb\u00a0est la propri\u00e9t\u00e9 exclusive de <b>Euro-Seeds<strong> SRL<\/strong><\/b>, qui l\u2019\u00e9dite.<\/p>\n<\/div>\n<div>\n<p><strong>Euro-Seeds\u00a0<\/strong><b>SRL<br \/><\/b>T\u00e9l\u00a0 :\u00a0<strong>+32(0)71 877 884<\/strong><b><br \/><strong>Rue de Scourmont, 7\u00a0<\/strong>5140 Sombreffe<br \/><\/b>Num\u00e9ro TVA intracommunautaire :\u00a0<b>BE0861.720.482<br \/><\/b>Adresse de courrier \u00e9lectronique :\u00a0<strong>info@euro-seeds.be<\/strong><br \/>Directeur de la\u00a0 publication\u00a0:\u00a0<b>Euro-Seeds SRL<br \/><\/b>Contactez le responsable de la publication :\u00a0<strong>info@euro-seeds.be<\/strong><\/p>\n<\/div>\n<div>\n<p><strong>H\u00c9BERGEMENT<\/strong><\/p>\n<\/div>\n<div>\n<p>Le site est h\u00e9berg\u00e9\u00a0par\u00a0<strong>FastComet Inc. fastcomet.com CA 94107 San Francisco<\/strong><\/p>\n<\/div>\n<div>\n<p><strong>DESCRIPTION DES SERVICES FOURNIS<\/strong><\/p>\n<\/div>\n<div>\n<p>Le site\u00a0www.euro-seeds.be\u00a0\u00a0a pour objet de fournir une information concernant l\u2019ensemble des activit\u00e9s de la soci\u00e9t\u00e9. Le propri\u00e9taire du site s\u2019efforce de fournir sur le site\u00a0www.euro-seeds.be\u00a0\u00a0des informations aussi pr\u00e9cises que possible. Toutefois, il ne pourra \u00eatre tenu responsable des omissions, des inexactitudes et des carences dans la mise \u00e0 jour, qu\u2019elles soient de son fait ou du fait des tiers partenaires qui lui fournissent ces informations. Toutes les informations propos\u00e9es sur le site\u00a0www.euro-seeds.be\u00a0\u00a0sont donn\u00e9es \u00e0 titre indicatif, sont non exhaustives, et sont susceptibles d\u2019\u00e9voluer. Elles sont donn\u00e9es sous r\u00e9serve de modifications ayant \u00e9t\u00e9 apport\u00e9es depuis leur mise en ligne.\u00a0\u00a0<\/p>\n<\/div>\n<div>\n<p><strong>PROPRI\u00c9T\u00c9 INTELLECTUELLE ET CONTREFA\u00c7ONS<\/strong><\/p>\n<\/div>\n<div>\n<p>Le propri\u00e9taire du site est propri\u00e9taire des droits de propri\u00e9t\u00e9 intellectuelle ou d\u00e9tient les droits d\u2019usage sur tous les \u00e9l\u00e9ments accessibles sur le site, notamment les textes, images, graphismes, logo, ic\u00f4nes, sons, logiciels\u2026 Toute reproduction, repr\u00e9sentation, modification, publication, adaptation totale ou partielle des \u00e9l\u00e9ments du site, quel que soit le moyen ou le proc\u00e9d\u00e9 utilis\u00e9, est interdite, sauf autorisation \u00e9crite pr\u00e9alable \u00e0 l\u2019email : contact@euro-seeds.be . Toute exploitation non autoris\u00e9e du site ou de l\u2019un quelconque de ces \u00e9l\u00e9ments qu\u2019il contient sera consid\u00e9r\u00e9e comme constitutive d\u2019une contrefa\u00e7on et poursuivie conform\u00e9ment aux dispositions des articles L.335-2 et suivants du Code de Propri\u00e9t\u00e9 Intellectuelle. \u00a0<\/p>\n<\/div>\n<div>\n<p><strong>LIENS HYPERTEXTES ET COOKIES<\/strong><\/p>\n<\/div>\n<div>\n<p>Le site <a href=\"http:\/\/www.euro-seeds.be\/\">www.euro-seeds.be<\/a> contient un certain nombre de liens hypertextes vers d\u2019autres sites (partenaires, informations \u2026) mis en place avec l\u2019autorisation de le propri\u00e9taire du site . Cependant, le propri\u00e9taire du site n\u2019a pas la possibilit\u00e9 de v\u00e9rifier le contenu des sites ainsi visit\u00e9s et d\u00e9cline donc toute responsabilit\u00e9 de ce fait quant aux risques \u00e9ventuels de contenus illicites. L\u2019utilisateur est inform\u00e9 que lors de ses visites sur le site www.euro-seeds.be, un ou des cookies sont susceptible de s\u2019installer automatiquement sur son ordinateur. Un cookie est un fichier de petite taille, qui ne permet pas l\u2019identification de l\u2019utilisateur, mais qui enregistre des informations relatives \u00e0 la navigation d\u2019un ordinateur sur un site. Les donn\u00e9es ainsi obtenues visent \u00e0 faciliter la navigation ult\u00e9rieure sur le site, et ont \u00e9galement vocation \u00e0 permettre diverses mesures de fr\u00e9quentation. Le param\u00e9trage du logiciel de navigation permet d\u2019informer de la pr\u00e9sence de cookie et \u00e9ventuellement, de refuser de la mani\u00e8re d\u00e9crite \u00e0 l\u2019adresse suivante : www.cnil.fr Le refus d\u2019installation d\u2019un cookie peut entra\u00eener l\u2019impossibilit\u00e9 d\u2019acc\u00e9der \u00e0 certains services. L\u2019utilisateur peut toutefois configurer son ordinateur de la mani\u00e8re suivante, pour refuser l\u2019installation des cookies : Sous Internet Explorer : onglet outil \/ options internet. Cliquez sur Confidentialit\u00e9 et choisissez Bloquer tous les cookies. Validez sur Ok. Sous Netscape : onglet \u00e9dition \/ pr\u00e9f\u00e9rences. Cliquez sur Avanc\u00e9es et choisissez D\u00e9sactiver les cookies. Validez sur Ok. \u00a0<\/p>\n<\/div>\n<div>\n<p><strong>PROTECTION DES BIENS ET DES PERSONNES \u2013 GESTION DES DONN\u00c9ES PERSONNELLES<\/strong><\/p>\n<\/div>\n<div>\n<p>Sur le site www.euro-seeds.be, le propri\u00e9taire du site ne collecte des informations personnelles relatives \u00e0 l\u2019utilisateur que pour le besoin de certains services propos\u00e9s par le site www.euro-seeds.be. L\u2019utilisateur fournit ces informations en toute connaissance de cause, notamment lorsqu\u2019il proc\u00e8de par lui-m\u00eame \u00e0 leur saisie. Il est alors pr\u00e9cis\u00e9 \u00e0 l\u2019utilisateur du site <a href=\"http:\/\/www.euro-seeds.be\/\">www.euro-seeds.be<\/a> l\u2019obligation ou non de fournir ces informations. Conform\u00e9ment aux dispositions des articles 38 et suivants de la loi 78-17 du 6 janvier 1978 relative \u00e0 l\u2019informatique, aux fichiers et aux libert\u00e9s, tout utilisateur dispose d\u2019un droit d\u2019acc\u00e8s, de rectification, de suppression et d\u2019opposition aux donn\u00e9es personnelles le concernant. Pour l\u2019exercer, adressez votre demande \u00e0 <a href=\"http:\/\/www.euro-seeds.be\/\">www.euro-seeds.be<\/a> par email : email du webmaster ou en effectuant sa demande \u00e9crite et sign\u00e9e, accompagn\u00e9e d\u2019une copie du titre d\u2019identit\u00e9 avec signature du titulaire de la pi\u00e8ce, en pr\u00e9cisant l\u2019adresse \u00e0 laquelle la r\u00e9ponse doit \u00eatre envoy\u00e9e.<\/p>\n<\/div>\n<div><span lang=\"FR\">Aucune information personnelle de l\u2019utilisateur du site <a href=\"http:\/\/www.euro-seeds.be\/\">www.euro-seeds.be<\/a> n\u2019est publi\u00e9e \u00e0 l\u2019insu de l\u2019utilisateur, \u00e9chang\u00e9e, transf\u00e9r\u00e9e, c\u00e9d\u00e9e ou vendue sur un support quelconque \u00e0 des tiers. Seule l\u2019hypoth\u00e8se du rachat du site <a href=\"http:\/\/www.euro-seeds.be\/\">www.euro-seeds.be<\/a> \u00e0 le propri\u00e9taire du site et de ses droits permettrait la transmission des dites informations \u00e0 l\u2019\u00e9ventuel acqu\u00e9reur qui serait \u00e0 son tour tenu de la m\u00eame obligation de conservation et de modification des donn\u00e9es vis \u00e0 vis de l\u2019utilisateur du site www.euro-seeds.be.<\/span><\/div>\t\t\t\t\t\t\t\t<\/div>\n\t\t\t\t\t<\/div>\n\t\t\t\t<\/div>\n\t\t\t\t<\/div>\n\t\t","protected":false},"excerpt":{"rendered":"<p>\u00c9DITEUR Le site \u00ab\u00a0www.euro-seeds.be\u00a0\u00bb\u00a0est la propri\u00e9t\u00e9 exclusive de Euro-Seeds SRL, qui l\u2019\u00e9dite. Euro-Seeds\u00a0SRLT\u00e9l\u00a0 :\u00a0+32(0)71 877 884Rue de Scourmont, 7\u00a05140 SombreffeNum\u00e9ro TVA intracommunautaire :\u00a0BE0861.720.482Adresse de courrier \u00e9lectronique :\u00a0info@euro-seeds.beDirecteur de la\u00a0 publication\u00a0:\u00a0Euro-Seeds SRLContactez le responsable de la publication :\u00a0info@euro-seeds.be H\u00c9BERGEMENT Le site est h\u00e9berg\u00e9\u00a0par\u00a0FastComet Inc. fastcomet.com CA 94107 San Francisco DESCRIPTION DES SERVICES FOURNIS Le site\u00a0www.euro-seeds.be\u00a0\u00a0a pour [&hellip;]<\/p>\n","protected":false},"author":1,"featured_media":0,"parent":0,"menu_order":0,"comment_status":"closed","ping_status":"closed","template":"elementor_header_footer","meta":{"footnotes":""},"class_list":["post-3","page","type-page","status-publish","hentry"],"_links":{"self":[{"href":"https:\/\/euro-seeds.be\/index.php\/wp-json\/wp\/v2\/pages\/3","targetHints":{"allow":["GET"]}}],"collection":[{"href":"https:\/\/euro-seeds.be\/index.php\/wp-json\/wp\/v2\/pages"}],"about":[{"href":"https:\/\/euro-seeds.be\/index.php\/wp-json\/wp\/v2\/types\/page"}],"author":[{"embeddable":true,"href":"https:\/\/euro-seeds.be\/index.php\/wp-json\/wp\/v2\/users\/1"}],"replies":[{"embeddable":true,"href":"https:\/\/euro-seeds.be\/index.php\/wp-json\/wp\/v2\/comments?post=3"}],"version-history":[{"count":6,"href":"https:\/\/euro-seeds.be\/index.php\/wp-json\/wp\/v2\/pages\/3\/revisions"}],"predecessor-version":[{"id":1523,"href":"https:\/\/euro-seeds.be\/index.php\/wp-json\/wp\/v2\/pages\/3\/revisions\/1523"}],"wp:attachment":[{"href":"https:\/\/euro-seeds.be\/index.php\/wp-json\/wp\/v2\/media?parent=3"}],"curies":[{"name":"wp","href":"https:\/\/api.w.org\/{rel}","templated":true}]}}